{"id":12959,"date":"2022-12-29T09:00:36","date_gmt":"2022-12-29T08:00:36","guid":{"rendered":"https:\/\/www.campingdugoulet.fr\/juridische-informatie\/"},"modified":"2026-04-07T15:20:58","modified_gmt":"2026-04-07T13:20:58","slug":"juridische-informatie","status":"publish","type":"page","link":"https:\/\/www.campingdugoulet.fr\/nl\/juridische-informatie\/","title":{"rendered":"Juridische informatie"},"content":{"rendered":"<p>[et_pb_section fb_built=&#8221;1&#8243; _builder_version=&#8221;4.17.4&#8243; custom_padding=&#8221;15%||||false|false&#8221; global_colors_info=&#8221;{}&#8221;][et_pb_row _builder_version=&#8221;4.16&#8243; background_size=&#8221;initial&#8221; background_position=&#8221;top_left&#8221; background_repeat=&#8221;repeat&#8221; global_colors_info=&#8221;{}&#8221;][et_pb_column type=&#8221;4_4&#8243; _builder_version=&#8221;4.16&#8243; custom_padding=&#8221;|||&#8221; global_colors_info=&#8221;{}&#8221; custom_padding__hover=&#8221;|||&#8221;][et_pb_text _builder_version=&#8221;4.27.6&#8243; background_size=&#8221;initial&#8221; background_position=&#8221;top_left&#8221; background_repeat=&#8221;repeat&#8221; hover_enabled=&#8221;0&#8243; global_colors_info=&#8221;{}&#8221; sticky_enabled=&#8221;0&#8243;]<\/p>\n<p><!-- divi:heading --><\/p>\n<h1>Juridische informatie<\/h1>\n<table border=\"0\" cellpadding=\"1\">\n<tbody>\n<tr>\n<td valign=\"top\" style=\"width: 354.134px;\">\n<p><strong>Site redactie\/publicatie:<\/strong><br \/>Camping Le Goulet<br \/>Chemin de Lanhouarnec<br \/>29200 Brest<br \/>E-mail: info@campingdugoulet.fr<span id=\"cloakd356d85d5fb5175ce8bc561347694a12\"><a href=\"mailto:campingdugoulet@wanadoo.fr\"><\/a><\/span><\/p>\n<p>Bedrijfsnaam:<br \/>Siret nr.: 392 247 896 00013<\/p>\n<p>APE-code 552C<\/p>\n<p>Intracommunautair nummer: FR 34 392 247 896 <span>00013<\/span><\/p>\n<p><strong>Redactiemanager:<\/strong><br \/>Rouzic Laurence<\/p>\n<\/td>\n<td valign=\"top\" style=\"width: 367.295px;\">\n<p><strong>Website platform:<\/strong><br \/>Gemaakt met het WordPress CMS<br \/>Gemaakt, beheerd en beheerd door het agentschap<span> <\/span><a href=\"http:\/\/www.air-media29.com\/\" target=\"_blank\" rel=\"noopener\">LES FLIBUSTIERS<\/a><\/p>\n<p><strong>Site hosting:<\/strong><br \/>WP SERVEUR<\/p>\n<p>Meer informatie over accommodatie: <a href=\"http:\/\/www.wpserveur.net\">www.wpserveur.net<\/a><\/p>\n<\/td>\n<\/tr>\n<\/tbody>\n<\/table>\n<div class=\"cms_bloc_text cms_bloc\">\n<p>&nbsp;<\/p>\n<p><strong class=\"mise_en_avant_1\">Respect voor privacy en persoonlijke gegevens:<\/strong><\/p>\n<p>De gegevens worden uitsluitend verzameld om een commerci\u00eble en professionele relatie met de klanten op te bouwen.<br \/>De persoonlijke gegevens worden door CAMPING LE GOULET gedurende een redelijke periode bewaard.<br \/>Als de persoon niet alle gevraagde informatie in de formulieren van de site (*Verplichte velden) invult, kan hij het formulier niet valideren en dus geen contact met CAMPING LE GOULET opnemen.<\/p>\n<p>Het recht op toegang en rectificatie zoals bedoeld in artikel 34 en volgende van de voornoemde wet kan worden uitgeoefend door te schrijven naar het volgende adres:<br \/>CAMPING LE GOULET &#8211; Chemin de Lanhouarnec 29200 Brest.<\/p>\n<p><strong><span class=\"mise_en_avant_1\">Reproductierechten :<\/span><\/strong><br \/>Deze hele site valt onder de Franse en internationale wetgeving inzake auteursrecht en intellectueel eigendom. Alle reproductierechten zijn voorbehouden, inclusief iconografische en fotografische weergaven. Reproductie van het geheel of een deel van deze site op welke drager dan ook is strikt verboden zonder de uitdrukkelijke toestemming van de publicatiedirecteur.  <\/p>\n<p><strong><span class=\"mise_en_avant_1\">Fotocredits :<\/span><\/strong><br \/>De op deze site gebruikte foto&#8217;s zijn onderworpen aan voorbehouden rechten. Ze mogen niet gebruikt of gedupliceerd worden zonder schriftelijke toestemming van CAMPING LE GOULET. <\/p>\n<p><strong class=\"mise_en_avant_1\">Veiligheidsbericht:<\/strong><br \/>Om de veiligheid te waarborgen en toegang voor iedereen te garanderen, maakt deze website gebruik van software om de stromen op de site te monitoren, om ongeoorloofde pogingen om verbinding te maken of informatie te wijzigen, of elk ander initiatief dat verdere schade kan veroorzaken, te identificeren. Ongeoorloofde pogingen om informatie te uploaden, informatie te wijzigen met als doel schade te veroorzaken en, in het algemeen, elke aanval op de beschikbaarheid en integriteit van deze site zijn strikt verboden en worden bestraft door het wetboek van strafrecht. Artikel 323-1 van het Wetboek van Strafrecht stelt dat frauduleuze toegang tot of verblijf in het geheel of een deel van een geautomatiseerd gegevensverwerkingssysteem (zoals in het geval van een website) wordt bestraft met twee jaar gevangenisstraf en een boete van \u20ac 30.000. Artikel 323-3 van hetzelfde wetboek bepaalt dat het op frauduleuze wijze invoeren van gegevens in een geautomatiseerd gegevensverwerkingssysteem of het op frauduleuze wijze wissen of wijzigen van de gegevens die het bevat, wordt bestraft met een gevangenisstraf van vijf jaar en een boete van 75 000 euro.   <\/p>\n<\/div>\n<p>&nbsp;<\/p>\n<p><!-- \/divi:paragraph --><\/p>\n<p>[\/et_pb_text][\/et_pb_column][\/et_pb_row][\/et_pb_section]<\/p>\n","protected":false},"excerpt":{"rendered":"<p>Juridische informatie Site redactie\/publicatie:Camping Le GouletChemin de Lanhouarnec29200 BrestE-mail: info@campingdugoulet.fr Bedrijfsnaam:Siret nr.: 392 247 896 00013 APE-code 552C Intracommunautair nummer: FR 34 392 247 896 00013 Redactiemanager:Rouzic Laurence Website platform:Gemaakt met het Wordpress CMSGemaakt, beheerd en beheerd door het agentschap LES FLIBUSTIERS Site hosting:WP SERVEUR Meer informatie over accommodatie: www.wpserveur.net &nbsp; Respect voor privacy en [&hellip;]<\/p>\n","protected":false},"author":1,"featured_media":0,"parent":0,"menu_order":0,"comment_status":"closed","ping_status":"closed","template":"","meta":{"_acf_changed":false,"_et_pb_use_builder":"on","_et_pb_old_content":"","_et_gb_content_width":"","inline_featured_image":false,"footnotes":""},"categories":[],"class_list":["post-12959","page","type-page","status-publish","hentry"],"acf":[],"yoast_head":"<!-- This site is optimized with the Yoast SEO plugin v27.3 - https:\/\/yoast.com\/product\/yoast-seo-wordpress\/ -->\n<title>Juridische informatie - Camping du Goulet<\/title>\n<meta name=\"robots\" content=\"index, follow, max-snippet:-1, max-image-preview:large, max-video-preview:-1\" \/>\n<link rel=\"canonical\" href=\"https:\/\/www.campingdugoulet.fr\/nl\/juridische-informatie\/\" \/>\n<meta property=\"og:locale\" content=\"nl_NL\" \/>\n<meta property=\"og:type\" content=\"article\" \/>\n<meta property=\"og:title\" content=\"Juridische informatie - Camping du Goulet\" \/>\n<meta property=\"og:description\" content=\"Juridische informatie Site redactie\/publicatie:Camping Le GouletChemin de Lanhouarnec29200 BrestE-mail: info@campingdugoulet.fr Bedrijfsnaam:Siret nr.: 392 247 896 00013 APE-code 552C Intracommunautair nummer: FR 34 392 247 896 00013 Redactiemanager:Rouzic Laurence Website platform:Gemaakt met het Wordpress CMSGemaakt, beheerd en beheerd door het agentschap LES FLIBUSTIERS Site hosting:WP SERVEUR Meer informatie over accommodatie: www.wpserveur.net &nbsp; Respect voor privacy en [&hellip;]\" \/>\n<meta property=\"og:url\" content=\"https:\/\/www.campingdugoulet.fr\/nl\/juridische-informatie\/\" \/>\n<meta property=\"og:site_name\" content=\"Camping du Goulet\" \/>\n<meta property=\"article:publisher\" content=\"https:\/\/fr-fr.facebook.com\/camping.bretagne.goulet\" \/>\n<meta property=\"article:modified_time\" content=\"2026-04-07T13:20:58+00:00\" \/>\n<meta property=\"og:image\" content=\"https:\/\/www.campingdugoulet.fr\/wp-content\/uploads\/camping-goulet-promo.jpg\" \/>\n\t<meta property=\"og:image:width\" content=\"800\" \/>\n\t<meta property=\"og:image:height\" content=\"533\" \/>\n\t<meta property=\"og:image:type\" content=\"image\/jpeg\" \/>\n<meta name=\"twitter:card\" content=\"summary_large_image\" \/>\n<meta name=\"twitter:label1\" content=\"Geschatte leestijd\" \/>\n\t<meta name=\"twitter:data1\" content=\"2 minuten\" \/>\n<script type=\"application\/ld+json\" class=\"yoast-schema-graph\">{\"@context\":\"https:\\\/\\\/schema.org\",\"@graph\":[{\"@type\":\"WebPage\",\"@id\":\"https:\\\/\\\/www.campingdugoulet.fr\\\/nl\\\/juridische-informatie\\\/\",\"url\":\"https:\\\/\\\/www.campingdugoulet.fr\\\/nl\\\/juridische-informatie\\\/\",\"name\":\"Juridische informatie - Camping du Goulet\",\"isPartOf\":{\"@id\":\"https:\\\/\\\/www.campingdugoulet.fr\\\/nl\\\/#website\"},\"datePublished\":\"2022-12-29T08:00:36+00:00\",\"dateModified\":\"2026-04-07T13:20:58+00:00\",\"breadcrumb\":{\"@id\":\"https:\\\/\\\/www.campingdugoulet.fr\\\/nl\\\/juridische-informatie\\\/#breadcrumb\"},\"inLanguage\":\"nl-NL\",\"potentialAction\":[{\"@type\":\"ReadAction\",\"target\":[\"https:\\\/\\\/www.campingdugoulet.fr\\\/nl\\\/juridische-informatie\\\/\"]}]},{\"@type\":\"BreadcrumbList\",\"@id\":\"https:\\\/\\\/www.campingdugoulet.fr\\\/nl\\\/juridische-informatie\\\/#breadcrumb\",\"itemListElement\":[{\"@type\":\"ListItem\",\"position\":1,\"name\":\"Accueil\",\"item\":\"https:\\\/\\\/www.campingdugoulet.fr\\\/nl\\\/home\\\/\"},{\"@type\":\"ListItem\",\"position\":2,\"name\":\"Juridische informatie\"}]},{\"@type\":\"WebSite\",\"@id\":\"https:\\\/\\\/www.campingdugoulet.fr\\\/nl\\\/#website\",\"url\":\"https:\\\/\\\/www.campingdugoulet.fr\\\/nl\\\/\",\"name\":\"Camping du Goulet\",\"description\":\"Camping 4 \u00e9toiles \u00e0 Brest, \u00e0 la pointe du Finist\u00e8re\",\"publisher\":{\"@id\":\"https:\\\/\\\/www.campingdugoulet.fr\\\/nl\\\/#organization\"},\"potentialAction\":[{\"@type\":\"SearchAction\",\"target\":{\"@type\":\"EntryPoint\",\"urlTemplate\":\"https:\\\/\\\/www.campingdugoulet.fr\\\/nl\\\/?s={search_term_string}\"},\"query-input\":{\"@type\":\"PropertyValueSpecification\",\"valueRequired\":true,\"valueName\":\"search_term_string\"}}],\"inLanguage\":\"nl-NL\"},{\"@type\":\"Organization\",\"@id\":\"https:\\\/\\\/www.campingdugoulet.fr\\\/nl\\\/#organization\",\"name\":\"Camping Du Goulet\",\"url\":\"https:\\\/\\\/www.campingdugoulet.fr\\\/nl\\\/\",\"logo\":{\"@type\":\"ImageObject\",\"inLanguage\":\"nl-NL\",\"@id\":\"https:\\\/\\\/www.campingdugoulet.fr\\\/nl\\\/#\\\/schema\\\/logo\\\/image\\\/\",\"url\":\"https:\\\/\\\/www.campingdugoulet.fr\\\/wp-content\\\/uploads\\\/camping-finistere.png\",\"contentUrl\":\"https:\\\/\\\/www.campingdugoulet.fr\\\/wp-content\\\/uploads\\\/camping-finistere.png\",\"width\":190,\"height\":100,\"caption\":\"Camping Du Goulet\"},\"image\":{\"@id\":\"https:\\\/\\\/www.campingdugoulet.fr\\\/nl\\\/#\\\/schema\\\/logo\\\/image\\\/\"},\"sameAs\":[\"https:\\\/\\\/fr-fr.facebook.com\\\/camping.bretagne.goulet\",\"https:\\\/\\\/www.instagram.com\\\/campingdugoulet\\\/?hl=fr\"]}]}<\/script>\n<!-- \/ Yoast SEO plugin. -->","yoast_head_json":{"title":"Juridische informatie - Camping du Goulet","robots":{"index":"index","follow":"follow","max-snippet":"max-snippet:-1","max-image-preview":"max-image-preview:large","max-video-preview":"max-video-preview:-1"},"canonical":"https:\/\/www.campingdugoulet.fr\/nl\/juridische-informatie\/","og_locale":"nl_NL","og_type":"article","og_title":"Juridische informatie - Camping du Goulet","og_description":"Juridische informatie Site redactie\/publicatie:Camping Le GouletChemin de Lanhouarnec29200 BrestE-mail: info@campingdugoulet.fr Bedrijfsnaam:Siret nr.: 392 247 896 00013 APE-code 552C Intracommunautair nummer: FR 34 392 247 896 00013 Redactiemanager:Rouzic Laurence Website platform:Gemaakt met het Wordpress CMSGemaakt, beheerd en beheerd door het agentschap LES FLIBUSTIERS Site hosting:WP SERVEUR Meer informatie over accommodatie: www.wpserveur.net &nbsp; Respect voor privacy en [&hellip;]","og_url":"https:\/\/www.campingdugoulet.fr\/nl\/juridische-informatie\/","og_site_name":"Camping du Goulet","article_publisher":"https:\/\/fr-fr.facebook.com\/camping.bretagne.goulet","article_modified_time":"2026-04-07T13:20:58+00:00","og_image":[{"width":800,"height":533,"url":"https:\/\/www.campingdugoulet.fr\/wp-content\/uploads\/camping-goulet-promo.jpg","type":"image\/jpeg"}],"twitter_card":"summary_large_image","twitter_misc":{"Geschatte leestijd":"2 minuten"},"schema":{"@context":"https:\/\/schema.org","@graph":[{"@type":"WebPage","@id":"https:\/\/www.campingdugoulet.fr\/nl\/juridische-informatie\/","url":"https:\/\/www.campingdugoulet.fr\/nl\/juridische-informatie\/","name":"Juridische informatie - Camping du Goulet","isPartOf":{"@id":"https:\/\/www.campingdugoulet.fr\/nl\/#website"},"datePublished":"2022-12-29T08:00:36+00:00","dateModified":"2026-04-07T13:20:58+00:00","breadcrumb":{"@id":"https:\/\/www.campingdugoulet.fr\/nl\/juridische-informatie\/#breadcrumb"},"inLanguage":"nl-NL","potentialAction":[{"@type":"ReadAction","target":["https:\/\/www.campingdugoulet.fr\/nl\/juridische-informatie\/"]}]},{"@type":"BreadcrumbList","@id":"https:\/\/www.campingdugoulet.fr\/nl\/juridische-informatie\/#breadcrumb","itemListElement":[{"@type":"ListItem","position":1,"name":"Accueil","item":"https:\/\/www.campingdugoulet.fr\/nl\/home\/"},{"@type":"ListItem","position":2,"name":"Juridische informatie"}]},{"@type":"WebSite","@id":"https:\/\/www.campingdugoulet.fr\/nl\/#website","url":"https:\/\/www.campingdugoulet.fr\/nl\/","name":"Camping du Goulet","description":"Camping 4 \u00e9toiles \u00e0 Brest, \u00e0 la pointe du Finist\u00e8re","publisher":{"@id":"https:\/\/www.campingdugoulet.fr\/nl\/#organization"},"potentialAction":[{"@type":"SearchAction","target":{"@type":"EntryPoint","urlTemplate":"https:\/\/www.campingdugoulet.fr\/nl\/?s={search_term_string}"},"query-input":{"@type":"PropertyValueSpecification","valueRequired":true,"valueName":"search_term_string"}}],"inLanguage":"nl-NL"},{"@type":"Organization","@id":"https:\/\/www.campingdugoulet.fr\/nl\/#organization","name":"Camping Du Goulet","url":"https:\/\/www.campingdugoulet.fr\/nl\/","logo":{"@type":"ImageObject","inLanguage":"nl-NL","@id":"https:\/\/www.campingdugoulet.fr\/nl\/#\/schema\/logo\/image\/","url":"https:\/\/www.campingdugoulet.fr\/wp-content\/uploads\/camping-finistere.png","contentUrl":"https:\/\/www.campingdugoulet.fr\/wp-content\/uploads\/camping-finistere.png","width":190,"height":100,"caption":"Camping Du Goulet"},"image":{"@id":"https:\/\/www.campingdugoulet.fr\/nl\/#\/schema\/logo\/image\/"},"sameAs":["https:\/\/fr-fr.facebook.com\/camping.bretagne.goulet","https:\/\/www.instagram.com\/campingdugoulet\/?hl=fr"]}]}},"_links":{"self":[{"href":"https:\/\/www.campingdugoulet.fr\/nl\/wp-json\/wp\/v2\/pages\/12959","targetHints":{"allow":["GET"]}}],"collection":[{"href":"https:\/\/www.campingdugoulet.fr\/nl\/wp-json\/wp\/v2\/pages"}],"about":[{"href":"https:\/\/www.campingdugoulet.fr\/nl\/wp-json\/wp\/v2\/types\/page"}],"author":[{"embeddable":true,"href":"https:\/\/www.campingdugoulet.fr\/nl\/wp-json\/wp\/v2\/users\/1"}],"replies":[{"embeddable":true,"href":"https:\/\/www.campingdugoulet.fr\/nl\/wp-json\/wp\/v2\/comments?post=12959"}],"version-history":[{"count":3,"href":"https:\/\/www.campingdugoulet.fr\/nl\/wp-json\/wp\/v2\/pages\/12959\/revisions"}],"predecessor-version":[{"id":14794,"href":"https:\/\/www.campingdugoulet.fr\/nl\/wp-json\/wp\/v2\/pages\/12959\/revisions\/14794"}],"wp:attachment":[{"href":"https:\/\/www.campingdugoulet.fr\/nl\/wp-json\/wp\/v2\/media?parent=12959"}],"wp:term":[{"taxonomy":"category","embeddable":true,"href":"https:\/\/www.campingdugoulet.fr\/nl\/wp-json\/wp\/v2\/categories?post=12959"}],"curies":[{"name":"wp","href":"https:\/\/api.w.org\/{rel}","templated":true}]}}