{"id":2312,"date":"2022-12-29T09:00:36","date_gmt":"2022-12-29T08:00:36","guid":{"rendered":"http:\/\/www.campingdugoulet.fr\/legal-information\/"},"modified":"2026-04-07T15:20:58","modified_gmt":"2026-04-07T13:20:58","slug":"legal-information","status":"publish","type":"page","link":"https:\/\/www.campingdugoulet.fr\/en\/legal-information\/","title":{"rendered":"Legal information"},"content":{"rendered":"<p>[et_pb_section fb_built=&#8221;1&#8243; _builder_version=&#8221;4.17.4&#8243; custom_padding=&#8221;15%||||false|false&#8221; global_colors_info=&#8221;{}&#8221;][et_pb_row _builder_version=&#8221;4.16&#8243; background_size=&#8221;initial&#8221; background_position=&#8221;top_left&#8221; background_repeat=&#8221;repeat&#8221; global_colors_info=&#8221;{}&#8221;][et_pb_column type=&#8221;4_4&#8243; _builder_version=&#8221;4.16&#8243; custom_padding=&#8221;|||&#8221; global_colors_info=&#8221;{}&#8221; custom_padding__hover=&#8221;|||&#8221;][et_pb_text _builder_version=&#8221;4.27.6&#8243; background_size=&#8221;initial&#8221; background_position=&#8221;top_left&#8221; background_repeat=&#8221;repeat&#8221; hover_enabled=&#8221;0&#8243; global_colors_info=&#8221;{}&#8221; sticky_enabled=&#8221;0&#8243;]<\/p>\n<p><!-- divi:heading --><\/p>\n<h1>Legal information<\/h1>\n<table border=\"0\" cellpadding=\"1\">\n<tbody>\n<tr>\n<td valign=\"top\" style=\"width: 354.134px;\">\n<p><strong>Site editing\/publication:<\/strong><br \/>Camping Le Goulet<br \/>Chemin de Lanhouarnec<br \/>29200 Brest<br \/>E-mail: info@campingdugoulet.fr<span id=\"cloakd356d85d5fb5175ce8bc561347694a12\"><a href=\"mailto:campingdugoulet@wanadoo.fr\"><\/a><\/span><\/p>\n<p>Company name:<br \/>Siret no.: 392 247 896 00013<\/p>\n<p>Code APE 552C<\/p>\n<p>Intracommunity number : FR 34 392 247 896 <span>00013<\/span><\/p>\n<p><strong>Editorial Manager:<\/strong><br \/>Rouzic Laurence<\/p>\n<\/td>\n<td valign=\"top\" style=\"width: 367.295px;\">\n<p><strong>Site platform:<\/strong><br \/>Created with WordPress CMS<br \/>Created, managed and administered by<span> <\/span><a href=\"http:\/\/www.air-media29.com\/\" target=\"_blank\" rel=\"noopener\">LES FLIBUSTIERS<\/a><\/p>\n<p><strong>Site hosting:<\/strong><br \/>WP SERVEUR<\/p>\n<p>More information on accommodation: <a href=\"http:\/\/www.wpserveur.net\">www.wpserveur.net<\/a><\/p>\n<\/td>\n<\/tr>\n<\/tbody>\n<\/table>\n<div class=\"cms_bloc_text cms_bloc\">\n<p>&nbsp;<\/p>\n<p><strong class=\"mise_en_avant_1\">Respect for privacy and personal data:<\/strong><\/p>\n<p>The data is collected for the sole purpose of establishing a commercial and professional relationship with customers.<br \/>Personal data is kept by CAMPING LE GOULET for a reasonable period.<br \/>If the person does not provide all the information requested in a mandatory manner in the forms on the site (*Required fields), it can not validate the form and can not therefore contact CAMPING LE GOULET.<\/p>\n<p>The right of access and rectification provided for in Article 34 et seq. of the aforementioned law may be exercised by writing to the following address:<br \/>CAMPING LE GOULET &#8211; Chemin de Lanhouarnec 29200 Brest.<\/p>\n<p><strong><span class=\"mise_en_avant_1\">Reproduction rights :<\/span><\/strong><br \/>This entire site is governed by French and international legislation on copyright and intellectual property. All rights reserved, including iconographic and photographic representations. The reproduction of all or part of this site on any medium whatsoever is formally prohibited, unless expressly authorized by the director of the publication.<\/p>\n<p><strong><span class=\"mise_en_avant_1\">Photo credits :<\/span><\/strong><br \/>The photographs used in this site are subject to reserved rights. They cannot be used or duplicated without the written authorization of CAMPING LE GOULET.<\/p>\n<p><strong class=\"mise_en_avant_1\">Security notice:<\/strong><br \/>In order to ensure its security and guarantee access to all, this website uses software to monitor site traffic, to identify unauthorized attempts to log on or change information, or any other initiative that may cause further damage. Unauthorized attempts to upload information, to alter information, to cause damage and in general any attack on the availability and integrity of this site are strictly prohibited and will be punished by the penal code. Thus, article 323-1 of the penal code provides that the fact of accessing or remaining fraudulently in all or part of a system of automated data processing (this is the case of an Internet site) is punishable by two years of imprisonment and a fine of 30,000 Euros. Article 323-3 of the same code provides that the fact of fraudulently introducing data into an automated processing system or fraudulently deleting or modifying the data it contains is punishable by five years&#8217; imprisonment and a fine of 75,000 Euros.<\/p>\n<\/div>\n<p>&nbsp;<\/p>\n<p><!-- \/divi:paragraph --><\/p>\n<p>[\/et_pb_text][\/et_pb_column][\/et_pb_row][\/et_pb_section]<\/p>\n","protected":false},"excerpt":{"rendered":"<p>Legal information Site editing\/publication:Camping Le GouletChemin de Lanhouarnec29200 BrestE-mail: info@campingdugoulet.fr Company name:Siret no.: 392 247 896 00013 Code APE 552C Intracommunity number : FR 34 392 247 896 00013 Editorial Manager:Rouzic Laurence Site platform:Created with Wordpress CMSCreated, managed and administered by LES FLIBUSTIERS Site hosting:WP SERVEUR More information on accommodation: www.wpserveur.net &nbsp; Respect for privacy [&hellip;]<\/p>\n","protected":false},"author":1,"featured_media":0,"parent":0,"menu_order":0,"comment_status":"closed","ping_status":"closed","template":"","meta":{"_acf_changed":false,"_et_pb_use_builder":"on","_et_pb_old_content":"","_et_gb_content_width":"","inline_featured_image":false,"footnotes":""},"categories":[],"class_list":["post-2312","page","type-page","status-publish","hentry"],"acf":[],"yoast_head":"<!-- This site is optimized with the Yoast SEO plugin v27.3 - https:\/\/yoast.com\/product\/yoast-seo-wordpress\/ -->\n<title>Legal information - Camping du Goulet<\/title>\n<meta name=\"robots\" content=\"index, follow, max-snippet:-1, max-image-preview:large, max-video-preview:-1\" \/>\n<link rel=\"canonical\" href=\"https:\/\/www.campingdugoulet.fr\/en\/legal-information\/\" \/>\n<meta property=\"og:locale\" content=\"en_US\" \/>\n<meta property=\"og:type\" content=\"article\" \/>\n<meta property=\"og:title\" content=\"Legal information - Camping du Goulet\" \/>\n<meta property=\"og:description\" content=\"Legal information Site editing\/publication:Camping Le GouletChemin de Lanhouarnec29200 BrestE-mail: info@campingdugoulet.fr Company name:Siret no.: 392 247 896 00013 Code APE 552C Intracommunity number : FR 34 392 247 896 00013 Editorial Manager:Rouzic Laurence Site platform:Created with Wordpress CMSCreated, managed and administered by LES FLIBUSTIERS Site hosting:WP SERVEUR More information on accommodation: www.wpserveur.net &nbsp; Respect for privacy [&hellip;]\" \/>\n<meta property=\"og:url\" content=\"https:\/\/www.campingdugoulet.fr\/en\/legal-information\/\" \/>\n<meta property=\"og:site_name\" content=\"Camping du Goulet\" \/>\n<meta property=\"article:publisher\" content=\"https:\/\/fr-fr.facebook.com\/camping.bretagne.goulet\" \/>\n<meta property=\"article:modified_time\" content=\"2026-04-07T13:20:58+00:00\" \/>\n<meta property=\"og:image\" content=\"https:\/\/www.campingdugoulet.fr\/wp-content\/uploads\/camping-goulet-promo.jpg\" \/>\n\t<meta property=\"og:image:width\" content=\"800\" \/>\n\t<meta property=\"og:image:height\" content=\"533\" \/>\n\t<meta property=\"og:image:type\" content=\"image\/jpeg\" \/>\n<meta name=\"twitter:card\" content=\"summary_large_image\" \/>\n<meta name=\"twitter:label1\" content=\"Est. reading time\" \/>\n\t<meta name=\"twitter:data1\" content=\"2 minutes\" \/>\n<script type=\"application\/ld+json\" class=\"yoast-schema-graph\">{\"@context\":\"https:\\\/\\\/schema.org\",\"@graph\":[{\"@type\":\"WebPage\",\"@id\":\"https:\\\/\\\/www.campingdugoulet.fr\\\/en\\\/legal-information\\\/\",\"url\":\"https:\\\/\\\/www.campingdugoulet.fr\\\/en\\\/legal-information\\\/\",\"name\":\"Legal information - Camping du Goulet\",\"isPartOf\":{\"@id\":\"https:\\\/\\\/www.campingdugoulet.fr\\\/en\\\/#website\"},\"datePublished\":\"2022-12-29T08:00:36+00:00\",\"dateModified\":\"2026-04-07T13:20:58+00:00\",\"breadcrumb\":{\"@id\":\"https:\\\/\\\/www.campingdugoulet.fr\\\/en\\\/legal-information\\\/#breadcrumb\"},\"inLanguage\":\"en-US\",\"potentialAction\":[{\"@type\":\"ReadAction\",\"target\":[\"https:\\\/\\\/www.campingdugoulet.fr\\\/en\\\/legal-information\\\/\"]}]},{\"@type\":\"BreadcrumbList\",\"@id\":\"https:\\\/\\\/www.campingdugoulet.fr\\\/en\\\/legal-information\\\/#breadcrumb\",\"itemListElement\":[{\"@type\":\"ListItem\",\"position\":1,\"name\":\"Accueil\",\"item\":\"https:\\\/\\\/www.campingdugoulet.fr\\\/en\\\/home-new\\\/\"},{\"@type\":\"ListItem\",\"position\":2,\"name\":\"Legal information\"}]},{\"@type\":\"WebSite\",\"@id\":\"https:\\\/\\\/www.campingdugoulet.fr\\\/en\\\/#website\",\"url\":\"https:\\\/\\\/www.campingdugoulet.fr\\\/en\\\/\",\"name\":\"Camping du Goulet\",\"description\":\"Camping 4 \u00e9toiles \u00e0 Brest, \u00e0 la pointe du Finist\u00e8re\",\"publisher\":{\"@id\":\"https:\\\/\\\/www.campingdugoulet.fr\\\/en\\\/#organization\"},\"potentialAction\":[{\"@type\":\"SearchAction\",\"target\":{\"@type\":\"EntryPoint\",\"urlTemplate\":\"https:\\\/\\\/www.campingdugoulet.fr\\\/en\\\/?s={search_term_string}\"},\"query-input\":{\"@type\":\"PropertyValueSpecification\",\"valueRequired\":true,\"valueName\":\"search_term_string\"}}],\"inLanguage\":\"en-US\"},{\"@type\":\"Organization\",\"@id\":\"https:\\\/\\\/www.campingdugoulet.fr\\\/en\\\/#organization\",\"name\":\"Camping Du Goulet\",\"url\":\"https:\\\/\\\/www.campingdugoulet.fr\\\/en\\\/\",\"logo\":{\"@type\":\"ImageObject\",\"inLanguage\":\"en-US\",\"@id\":\"https:\\\/\\\/www.campingdugoulet.fr\\\/en\\\/#\\\/schema\\\/logo\\\/image\\\/\",\"url\":\"https:\\\/\\\/www.campingdugoulet.fr\\\/wp-content\\\/uploads\\\/camping-finistere.png\",\"contentUrl\":\"https:\\\/\\\/www.campingdugoulet.fr\\\/wp-content\\\/uploads\\\/camping-finistere.png\",\"width\":190,\"height\":100,\"caption\":\"Camping Du Goulet\"},\"image\":{\"@id\":\"https:\\\/\\\/www.campingdugoulet.fr\\\/en\\\/#\\\/schema\\\/logo\\\/image\\\/\"},\"sameAs\":[\"https:\\\/\\\/fr-fr.facebook.com\\\/camping.bretagne.goulet\",\"https:\\\/\\\/www.instagram.com\\\/campingdugoulet\\\/?hl=fr\"]}]}<\/script>\n<!-- \/ Yoast SEO plugin. -->","yoast_head_json":{"title":"Legal information - Camping du Goulet","robots":{"index":"index","follow":"follow","max-snippet":"max-snippet:-1","max-image-preview":"max-image-preview:large","max-video-preview":"max-video-preview:-1"},"canonical":"https:\/\/www.campingdugoulet.fr\/en\/legal-information\/","og_locale":"en_US","og_type":"article","og_title":"Legal information - Camping du Goulet","og_description":"Legal information Site editing\/publication:Camping Le GouletChemin de Lanhouarnec29200 BrestE-mail: info@campingdugoulet.fr Company name:Siret no.: 392 247 896 00013 Code APE 552C Intracommunity number : FR 34 392 247 896 00013 Editorial Manager:Rouzic Laurence Site platform:Created with Wordpress CMSCreated, managed and administered by LES FLIBUSTIERS Site hosting:WP SERVEUR More information on accommodation: www.wpserveur.net &nbsp; Respect for privacy [&hellip;]","og_url":"https:\/\/www.campingdugoulet.fr\/en\/legal-information\/","og_site_name":"Camping du Goulet","article_publisher":"https:\/\/fr-fr.facebook.com\/camping.bretagne.goulet","article_modified_time":"2026-04-07T13:20:58+00:00","og_image":[{"width":800,"height":533,"url":"https:\/\/www.campingdugoulet.fr\/wp-content\/uploads\/camping-goulet-promo.jpg","type":"image\/jpeg"}],"twitter_card":"summary_large_image","twitter_misc":{"Est. reading time":"2 minutes"},"schema":{"@context":"https:\/\/schema.org","@graph":[{"@type":"WebPage","@id":"https:\/\/www.campingdugoulet.fr\/en\/legal-information\/","url":"https:\/\/www.campingdugoulet.fr\/en\/legal-information\/","name":"Legal information - Camping du Goulet","isPartOf":{"@id":"https:\/\/www.campingdugoulet.fr\/en\/#website"},"datePublished":"2022-12-29T08:00:36+00:00","dateModified":"2026-04-07T13:20:58+00:00","breadcrumb":{"@id":"https:\/\/www.campingdugoulet.fr\/en\/legal-information\/#breadcrumb"},"inLanguage":"en-US","potentialAction":[{"@type":"ReadAction","target":["https:\/\/www.campingdugoulet.fr\/en\/legal-information\/"]}]},{"@type":"BreadcrumbList","@id":"https:\/\/www.campingdugoulet.fr\/en\/legal-information\/#breadcrumb","itemListElement":[{"@type":"ListItem","position":1,"name":"Accueil","item":"https:\/\/www.campingdugoulet.fr\/en\/home-new\/"},{"@type":"ListItem","position":2,"name":"Legal information"}]},{"@type":"WebSite","@id":"https:\/\/www.campingdugoulet.fr\/en\/#website","url":"https:\/\/www.campingdugoulet.fr\/en\/","name":"Camping du Goulet","description":"Camping 4 \u00e9toiles \u00e0 Brest, \u00e0 la pointe du Finist\u00e8re","publisher":{"@id":"https:\/\/www.campingdugoulet.fr\/en\/#organization"},"potentialAction":[{"@type":"SearchAction","target":{"@type":"EntryPoint","urlTemplate":"https:\/\/www.campingdugoulet.fr\/en\/?s={search_term_string}"},"query-input":{"@type":"PropertyValueSpecification","valueRequired":true,"valueName":"search_term_string"}}],"inLanguage":"en-US"},{"@type":"Organization","@id":"https:\/\/www.campingdugoulet.fr\/en\/#organization","name":"Camping Du Goulet","url":"https:\/\/www.campingdugoulet.fr\/en\/","logo":{"@type":"ImageObject","inLanguage":"en-US","@id":"https:\/\/www.campingdugoulet.fr\/en\/#\/schema\/logo\/image\/","url":"https:\/\/www.campingdugoulet.fr\/wp-content\/uploads\/camping-finistere.png","contentUrl":"https:\/\/www.campingdugoulet.fr\/wp-content\/uploads\/camping-finistere.png","width":190,"height":100,"caption":"Camping Du Goulet"},"image":{"@id":"https:\/\/www.campingdugoulet.fr\/en\/#\/schema\/logo\/image\/"},"sameAs":["https:\/\/fr-fr.facebook.com\/camping.bretagne.goulet","https:\/\/www.instagram.com\/campingdugoulet\/?hl=fr"]}]}},"_links":{"self":[{"href":"https:\/\/www.campingdugoulet.fr\/en\/wp-json\/wp\/v2\/pages\/2312","targetHints":{"allow":["GET"]}}],"collection":[{"href":"https:\/\/www.campingdugoulet.fr\/en\/wp-json\/wp\/v2\/pages"}],"about":[{"href":"https:\/\/www.campingdugoulet.fr\/en\/wp-json\/wp\/v2\/types\/page"}],"author":[{"embeddable":true,"href":"https:\/\/www.campingdugoulet.fr\/en\/wp-json\/wp\/v2\/users\/1"}],"replies":[{"embeddable":true,"href":"https:\/\/www.campingdugoulet.fr\/en\/wp-json\/wp\/v2\/comments?post=2312"}],"version-history":[{"count":5,"href":"https:\/\/www.campingdugoulet.fr\/en\/wp-json\/wp\/v2\/pages\/2312\/revisions"}],"predecessor-version":[{"id":14796,"href":"https:\/\/www.campingdugoulet.fr\/en\/wp-json\/wp\/v2\/pages\/2312\/revisions\/14796"}],"wp:attachment":[{"href":"https:\/\/www.campingdugoulet.fr\/en\/wp-json\/wp\/v2\/media?parent=2312"}],"wp:term":[{"taxonomy":"category","embeddable":true,"href":"https:\/\/www.campingdugoulet.fr\/en\/wp-json\/wp\/v2\/categories?post=2312"}],"curies":[{"name":"wp","href":"https:\/\/api.w.org\/{rel}","templated":true}]}}