{"id":14183,"date":"2026-03-04T13:39:34","date_gmt":"2026-03-04T12:39:34","guid":{"rendered":"https:\/\/www.campingdugoulet.fr\/our-camping-2026-special-offers\/"},"modified":"2026-03-10T10:14:24","modified_gmt":"2026-03-10T09:14:24","slug":"our-camping-2026-special-offers","status":"publish","type":"page","link":"https:\/\/www.campingdugoulet.fr\/en\/our-camping-2026-special-offers\/","title":{"rendered":"Our Camping 2026 Special Offers"},"content":{"rendered":"<p>[et_pb_section fb_built=&#8221;1&#8243; _builder_version=&#8221;4.27.4&#8243; _module_preset=&#8221;default&#8221; background_color=&#8221;rgba(0,0,0,0.2)&#8221; background_image=&#8221;https:\/\/www.campingdugoulet.fr\/wp-content\/uploads\/animations-camping-du-goulet-brest.jpg&#8221; background_blend=&#8221;darken&#8221; background_enable_video_mp4=&#8221;off&#8221; height=&#8221;40vh&#8221; height_tablet=&#8221;60vh&#8221; height_phone=&#8221;60vh&#8221; height_last_edited=&#8221;on|phone&#8221; global_colors_info=&#8221;{}&#8221;][et_pb_row _builder_version=&#8221;4.17.4&#8243; _module_preset=&#8221;default&#8221; positioning=&#8221;absolute&#8221; position_origin_a=&#8221;bottom_center&#8221; width=&#8221;100%&#8221; width_tablet=&#8221;100%&#8221; width_phone=&#8221;90%&#8221; width_last_edited=&#8221;on|phone&#8221; max_width=&#8221;1276px&#8221; locked=&#8221;off&#8221; global_colors_info=&#8221;{}&#8221;][et_pb_column type=&#8221;4_4&#8243; _builder_version=&#8221;4.17.4&#8243; _module_preset=&#8221;default&#8221; global_colors_info=&#8221;{}&#8221;][et_pb_text _builder_version=&#8221;4.27.4&#8243; _dynamic_attributes=&#8221;content&#8221; _module_preset=&#8221;default&#8221; text_font=&#8221;|700|||||||&#8221; text_text_color=&#8221;#FFFFFF&#8221; header_text_color=&#8221;#FFFFFF&#8221; header_3_text_color=&#8221;#FFFFFF&#8221; text_orientation=&#8221;center&#8221; locked=&#8221;off&#8221; global_colors_info=&#8221;{}&#8221;]@ET-DC@eyJkeW5hbWljIjp0cnVlLCJjb250ZW50IjoicG9zdF90aXRsZSIsInNldHRpbmdzIjp7ImJlZm9yZSI6IjxoMT4iLCJhZnRlciI6IiJ9fQ==@[\/et_pb_text][et_pb_text _builder_version=&#8221;4.17.4&#8243; _module_preset=&#8221;default&#8221; header_text_color=&#8221;#FFFFFF&#8221; global_colors_info=&#8221;{}&#8221;]<\/p>\n<p style=\"text-align: center;\"><img decoding=\"async\" src=\"https:\/\/www.campingdugoulet.fr\/wp-content\/uploads\/camping-fleche.svg\" style=\"width: 40px;\" alt=\"fly camping\"><\/p>\n<p>[\/et_pb_text][\/et_pb_column][\/et_pb_row][\/et_pb_section][et_pb_section fb_built=&#8221;1&#8243; _builder_version=&#8221;4.27.4&#8243; _module_preset=&#8221;default&#8221; global_colors_info=&#8221;{}&#8221;][et_pb_row column_structure=&#8221;1_2,1_2&#8243; _builder_version=&#8221;4.27.4&#8243; _module_preset=&#8221;default&#8221; global_colors_info=&#8221;{}&#8221;][et_pb_column type=&#8221;1_2&#8243; _builder_version=&#8221;4.27.4&#8243; _module_preset=&#8221;default&#8221; global_colors_info=&#8221;{}&#8221;][et_pb_text _builder_version=&#8221;4.27.4&#8243; _module_preset=&#8221;default&#8221; hover_enabled=&#8221;0&#8243; global_colors_info=&#8221;{}&#8221; sticky_enabled=&#8221;0&#8243;]<\/p>\n<h2>Short break offer &#8211; July 2026<\/h2>\n<p><strong>From \u20ac345<br \/><\/strong><br \/> Looking for a summer getaway in Finist\u00e8re?<br \/>In July 2026, enjoy the freedom of a short stay from <strong>just 3 nights<\/strong> on most of our mobile homes.<\/p>\n<p>Treat yourself to a sunny break, a few days with family or friends, without the constraints of a full week. Relaxation, comfort and fresh air await you&#8230; <\/p>\n<p>Ideal for an impromptu break or a flexible stay in the heart of summer.<\/p>\n<p>[\/et_pb_text][et_pb_button button_url=&#8221;https:\/\/thelisresa.webcamp.fr\/list.php?camping=goulet&amp;lang=fr&amp;PHPSESSID=obl21sdbkqhvkqf3ekkojubchq&amp;begin=2026-07-03&amp;duration=3&amp;end=2026-07-06&amp;nb_pers=2&amp;type=Mobil-Home&#8221; url_new_window=&#8221;on&#8221; button_text=&#8221;Book&#8221; button_alignment=&#8221;left&#8221; _builder_version=&#8221;4.27.4&#8243; _module_preset=&#8221;default&#8221; custom_button=&#8221;on&#8221; button_text_size=&#8221;15px&#8221; button_text_color=&#8221;#FFFFFF&#8221; button_bg_color=&#8221;#3B86C3&#8243; button_border_width=&#8221;2px&#8221; button_border_color=&#8221;#3B86C3&#8243; button_border_radius=&#8221;10px&#8221; button_font=&#8221;|700||on|||||&#8221; custom_margin=&#8221;13px|||||&#8221; custom_padding=&#8221;10px||10px||true|false&#8221; locked=&#8221;off&#8221; global_colors_info=&#8221;{}&#8221;][\/et_pb_button][\/et_pb_column][et_pb_column type=&#8221;1_2&#8243; _builder_version=&#8221;4.27.4&#8243; _module_preset=&#8221;default&#8221; global_colors_info=&#8221;{}&#8221;][et_pb_image src=&#8221;https:\/\/www.campingdugoulet.fr\/wp-content\/uploads\/OFFRE-SPECIALE-juillet-2026-court-sejour.png&#8221; alt=&#8221;SPECIAL OFFER July 2026 short break&#8221; title_text=&#8221;SPECIAL OFFER July 2026 short break&#8221; _builder_version=&#8221;4.27.4&#8243; _module_preset=&#8221;default&#8221; hover_enabled=&#8221;0&#8243; global_colors_info=&#8221;{}&#8221; border_radii=&#8221;on|30px|30px|30px|30px&#8221; border_radii_last_edited=&#8221;on|desktop&#8221; sticky_enabled=&#8221;0&#8243; border_radii_tablet=&#8221;on|30px|30px|30px|30px&#8221; border_radii_phone=&#8221;on|30px|30px|30px|30px&#8221;][\/et_pb_image][\/et_pb_column][\/et_pb_row][\/et_pb_section][et_pb_section fb_built=&#8221;1&#8243; _builder_version=&#8221;4.27.4&#8243; _module_preset=&#8221;default&#8221; global_colors_info=&#8221;{}&#8221;][et_pb_row column_structure=&#8221;1_2,1_2&#8243; _builder_version=&#8221;4.27.4&#8243; _module_preset=&#8221;default&#8221; global_colors_info=&#8221;{}&#8221;][et_pb_column type=&#8221;1_2&#8243; _builder_version=&#8221;4.27.4&#8243; _module_preset=&#8221;default&#8221; global_colors_info=&#8221;{}&#8221;][et_pb_text _builder_version=&#8221;4.27.4&#8243; _module_preset=&#8221;default&#8221; hover_enabled=&#8221;0&#8243; global_colors_info=&#8221;{}&#8221; sticky_enabled=&#8221;0&#8243;]<\/p>\n<h2><b>\ud83d\udc95 Couple Offer &#8211; Escape for Two<\/b><\/h2>\n<h3>-15% off your mobile home stay<\/h3>\n<p><strong>From \u20ac205<\/strong><\/p>\n<p>Treat yourself to a relaxing getaway for two in Finist\u00e8re!<\/p>\n<p>Enjoy a <strong>15% discount<\/strong> on stays in : <strong>May, June, September<\/strong> (from 2 nights minimum) and <strong>July<\/strong> (from 3 nights minimum).<\/p>\n<p>Comfort, privacy and serenity to share precious moments together!<\/p>\n<p>Offer conditions Couple :<\/p>\n<ul>\n<li>Camping en couple from \u20ac205 for two nights: price for a stay for 2 people maximum.<\/li>\n<li>Offer valid on rentals of Phare Ouest Confort and Sensation Bretagne Premium mobile homes &#8211; 2 bedrooms<\/li>\n<\/ul>\n<p>[\/et_pb_text][et_pb_button button_url=&#8221;https:\/\/thelisresa.webcamp.fr\/list.php?camping=goulet&amp;lang=fr&amp;PHPSESSID=obl21sdbkqhvkqf3ekkojubchq&amp;begin=2026-05-10&amp;duration=3&amp;end=2026-05-13&amp;nb_pers=2&amp;type=Mobil-Home&amp;surface=25&amp;nb_bedrooms=2&#8243; url_new_window=&#8221;on&#8221; button_text=&#8221;Book&#8221; button_alignment=&#8221;left&#8221; _builder_version=&#8221;4.27.4&#8243; _module_preset=&#8221;default&#8221; custom_button=&#8221;on&#8221; button_text_size=&#8221;15px&#8221; button_text_color=&#8221;#FFFFFF&#8221; button_bg_color=&#8221;#3B86C3&#8243; button_border_width=&#8221;2px&#8221; button_border_color=&#8221;#3B86C3&#8243; button_border_radius=&#8221;10px&#8221; button_font=&#8221;|700||on|||||&#8221; custom_margin=&#8221;13px|||||&#8221; custom_padding=&#8221;10px||10px||true|false&#8221; locked=&#8221;off&#8221; global_colors_info=&#8221;{}&#8221;][\/et_pb_button][\/et_pb_column][et_pb_column type=&#8221;1_2&#8243; _builder_version=&#8221;4.27.4&#8243; _module_preset=&#8221;default&#8221; global_colors_info=&#8221;{}&#8221;][et_pb_image src=&#8221;https:\/\/www.campingdugoulet.fr\/wp-content\/uploads\/OFFRE-COUPLE.png&#8221; alt=&#8221;COUPLE OFFER&#8221; title_text=&#8221;COUPLE OFFER&#8221; _builder_version=&#8221;4.27.4&#8243; _module_preset=&#8221;default&#8221; hover_enabled=&#8221;0&#8243; global_colors_info=&#8221;{}&#8221; border_radii=&#8221;on|30px|30px|30px|30px&#8221; sticky_enabled=&#8221;0&#8243;][\/et_pb_image][\/et_pb_column][\/et_pb_row][\/et_pb_section][et_pb_section fb_built=&#8221;1&#8243; _builder_version=&#8221;4.27.4&#8243; _module_preset=&#8221;default&#8221; global_colors_info=&#8221;{}&#8221;][et_pb_row column_structure=&#8221;1_2,1_2&#8243; _builder_version=&#8221;4.27.4&#8243; _module_preset=&#8221;default&#8221; global_colors_info=&#8221;{}&#8221;][et_pb_column type=&#8221;1_2&#8243; _builder_version=&#8221;4.27.4&#8243; _module_preset=&#8221;default&#8221; global_colors_info=&#8221;{}&#8221;][et_pb_text _builder_version=&#8221;4.27.4&#8243; _module_preset=&#8221;default&#8221; hover_enabled=&#8221;0&#8243; global_colors_info=&#8221;{}&#8221; sticky_enabled=&#8221;0&#8243;]<\/p>\n<h2><b>Long Stay Offer &#8211; Up to 20% off<\/b><\/h2>\n<p><strong>June &amp; September 2026<\/strong><\/p>\n<p><strong>Up to 20% off for long stays of 10 nights or more<\/strong><\/p>\n<p>Prolong the pleasure&#8230; not the bill!<\/p>\n<p>Enjoy the sweetness of the pre-and post-season in complete tranquillity. Less crowds, more peace of mind, and up to <strong>20% off<\/strong> for longer stays. <\/p>\n<p>Take the time to settle in, discover the region, slow down the pace&#8230; and really disconnect.<\/p>\n<ul><\/ul>\n<p>[\/et_pb_text][et_pb_button button_url=&#8221;https:\/\/thelisresa.webcamp.fr\/list.php?camping=goulet&amp;lang=fr&amp;PHPSESSID=obl21sdbkqhvkqf3ekkojubchq&amp;begin=2026-06-01&amp;duration=14&amp;end=2026-06-15&amp;nb_pers=1&amp;type=2&#8243; url_new_window=&#8221;on&#8221; button_text=&#8221;Book&#8221; button_alignment=&#8221;left&#8221; _builder_version=&#8221;4.27.4&#8243; _module_preset=&#8221;default&#8221; custom_button=&#8221;on&#8221; button_text_size=&#8221;15px&#8221; button_text_color=&#8221;#FFFFFF&#8221; button_bg_color=&#8221;#3B86C3&#8243; button_border_width=&#8221;2px&#8221; button_border_color=&#8221;#3B86C3&#8243; button_border_radius=&#8221;10px&#8221; button_font=&#8221;|700||on|||||&#8221; custom_margin=&#8221;13px|||||&#8221; custom_padding=&#8221;10px||10px||true|false&#8221; locked=&#8221;off&#8221; global_colors_info=&#8221;{}&#8221;][\/et_pb_button][\/et_pb_column][et_pb_column type=&#8221;1_2&#8243; _builder_version=&#8221;4.27.4&#8243; _module_preset=&#8221;default&#8221; global_colors_info=&#8221;{}&#8221;][et_pb_image src=&#8221;https:\/\/www.campingdugoulet.fr\/wp-content\/uploads\/Offre-long-sejour-camping-du-goulet.jpg&#8221; alt=&#8221;Long stay offer camping du goulet&#8221; title_text=&#8221;Offer-long-stay-camping-du-goulet&#8221; _builder_version=&#8221;4.27.4&#8243; _module_preset=&#8221;default&#8221; global_colors_info=&#8221;{}&#8221;][\/et_pb_image][\/et_pb_column][\/et_pb_row][\/et_pb_section][et_pb_section fb_built=&#8221;1&#8243; _builder_version=&#8221;4.27.4&#8243; _module_preset=&#8221;default&#8221; global_colors_info=&#8221;{}&#8221;][et_pb_row column_structure=&#8221;1_2,1_2&#8243; _builder_version=&#8221;4.27.4&#8243; _module_preset=&#8221;default&#8221; global_colors_info=&#8221;{}&#8221;][et_pb_column type=&#8221;1_2&#8243; _builder_version=&#8221;4.27.4&#8243; _module_preset=&#8221;default&#8221; global_colors_info=&#8221;{}&#8221;][et_pb_text _builder_version=&#8221;4.27.4&#8243; _module_preset=&#8221;default&#8221; hover_enabled=&#8221;0&#8243; global_colors_info=&#8221;{}&#8221; sticky_enabled=&#8221;0&#8243;]<\/p>\n<h2><b>Short Stay Week Offer -15% off<\/b><\/h2>\n<p><strong>  From \u20ac340 for 5 nights<\/strong><\/p>\n<p><strong>Offer valid in June &amp; September 2026<\/strong><\/p>\n<p>Treat yourself to a relaxing break from the hustle and bustle of the weekend, with <strong>5 nights at a reduced price.<\/strong><\/p>\n<p>Ideal for a relaxing stay, green telecommuting or a relaxing vacation.<\/p>\n<p>\ud83d\udc49 The perfect way to get the most out of life&#8230; at a great price!<\/p>\n<p><strong>15% discount on 5 nights (Sunday to Friday)<\/strong><\/p>\n<p>[\/et_pb_text][et_pb_button button_url=&#8221;https:\/\/thelisresa.webcamp.fr\/list.php?camping=goulet&amp;lang=fr&amp;PHPSESSID=obl21sdbkqhvkqf3ekkojubchq&amp;begin=2026-06-07&amp;duration=5&amp;end=2026-06-12&amp;nb_pers=1&amp;type=2&#8243; url_new_window=&#8221;on&#8221; button_text=&#8221;Book&#8221; button_alignment=&#8221;left&#8221; _builder_version=&#8221;4.27.4&#8243; _module_preset=&#8221;default&#8221; custom_button=&#8221;on&#8221; button_text_size=&#8221;15px&#8221; button_text_color=&#8221;#FFFFFF&#8221; button_bg_color=&#8221;#3B86C3&#8243; button_border_width=&#8221;2px&#8221; button_border_color=&#8221;#3B86C3&#8243; button_border_radius=&#8221;10px&#8221; button_font=&#8221;|700||on|||||&#8221; custom_margin=&#8221;13px|||||&#8221; custom_padding=&#8221;10px||10px||true|false&#8221; locked=&#8221;off&#8221; global_colors_info=&#8221;{}&#8221;][\/et_pb_button][\/et_pb_column][et_pb_column type=&#8221;1_2&#8243; _builder_version=&#8221;4.27.4&#8243; _module_preset=&#8221;default&#8221; global_colors_info=&#8221;{}&#8221;][et_pb_image src=&#8221;https:\/\/www.campingdugoulet.fr\/wp-content\/uploads\/Offre-court-sejour-juin-septembre.png&#8221; alt=&#8221;Short-stay offer June-September&#8221; title_text=&#8221;Short-stay offer June-September&#8221; _builder_version=&#8221;4.27.4&#8243; _module_preset=&#8221;default&#8221; hover_enabled=&#8221;0&#8243; global_colors_info=&#8221;{}&#8221; border_radii=&#8221;on|30px|30px|30px|30px&#8221; sticky_enabled=&#8221;0&#8243;][\/et_pb_image][\/et_pb_column][\/et_pb_row][\/et_pb_section][et_pb_section fb_built=&#8221;1&#8243; _builder_version=&#8221;4.27.4&#8243; _module_preset=&#8221;default&#8221; global_colors_info=&#8221;{}&#8221;][et_pb_row column_structure=&#8221;1_2,1_2&#8243; _builder_version=&#8221;4.27.4&#8243; _module_preset=&#8221;default&#8221; global_colors_info=&#8221;{}&#8221;][et_pb_column type=&#8221;1_2&#8243; _builder_version=&#8221;4.27.4&#8243; _module_preset=&#8221;default&#8221; global_colors_info=&#8221;{}&#8221;][et_pb_text _builder_version=&#8221;4.27.4&#8243; _module_preset=&#8221;default&#8221; hover_enabled=&#8221;0&#8243; global_colors_info=&#8221;{}&#8221; sticky_enabled=&#8221;0&#8243;]<\/p>\n<h2><b>Trail du Bout du Monde offer -10% off<\/b><\/h2>\n<p><strong>  From \u20ac405<\/strong><\/p>\n<p>Prepare your Trail du Bout du Monde in the best conditions!<\/p>\n<p>Arrive early to reconnoitre the course, acclimatise and perform on the big day.<\/p>\n<p>Benefit from a <strong>10% discount<\/strong> on your stay and concentrate on what&#8217;s most important: your preparation.<\/p>\n<p>\ud83d\udc49 Combine sport, comfort and optimal recovery!<\/p>\n<p><strong>Offer valid from 06\/27 to 07\/05\/2026<\/strong><\/p>\n<p><strong>10% discount for stays of 5 nights or more<\/strong><\/p>\n<p>[\/et_pb_text][et_pb_button button_url=&#8221;https:\/\/thelisresa.webcamp.fr\/list.php?camping=goulet&amp;lang=fr&amp;PHPSESSID=obl21sdbkqhvkqf3ekkojubchq&amp;begin=2026-06-25&amp;duration=10&amp;end=2026-07-05&amp;nb_pers=1&amp;type=2&#8243; url_new_window=&#8221;on&#8221; button_text=&#8221;Book&#8221; button_alignment=&#8221;left&#8221; _builder_version=&#8221;4.27.4&#8243; _module_preset=&#8221;default&#8221; custom_button=&#8221;on&#8221; button_text_size=&#8221;15px&#8221; button_text_color=&#8221;#FFFFFF&#8221; button_bg_color=&#8221;#3B86C3&#8243; button_border_width=&#8221;2px&#8221; button_border_color=&#8221;#3B86C3&#8243; button_border_radius=&#8221;10px&#8221; button_font=&#8221;|700||on|||||&#8221; custom_margin=&#8221;13px|||||&#8221; custom_padding=&#8221;10px||10px||true|false&#8221; locked=&#8221;off&#8221; global_colors_info=&#8221;{}&#8221;][\/et_pb_button][\/et_pb_column][et_pb_column type=&#8221;1_2&#8243; _builder_version=&#8221;4.27.4&#8243; _module_preset=&#8221;default&#8221; global_colors_info=&#8221;{}&#8221;][et_pb_image src=&#8221;https:\/\/www.campingdugoulet.fr\/wp-content\/uploads\/OFFRE-SPECIALE-TRAIL.png&#8221; alt=&#8221;SPECIAL TRAIL OFFER&#8221; title_text=&#8221;SPECIAL TRAIL OFFER&#8221; _builder_version=&#8221;4.27.4&#8243; _module_preset=&#8221;default&#8221; hover_enabled=&#8221;0&#8243; global_colors_info=&#8221;{}&#8221; border_radii=&#8221;on|30px|30px|30px|30px&#8221; sticky_enabled=&#8221;0&#8243;][\/et_pb_image][\/et_pb_column][\/et_pb_row][\/et_pb_section]<\/p>\n","protected":false},"excerpt":{"rendered":"<p>Short break offer &#8211; July 2026 From \u20ac345 Looking for a summer getaway in Finist\u00e8re?In July 2026, enjoy the freedom of a short stay from just 3 nights on most of our mobile homes. Treat yourself to a sunny break, a few days with family or friends, without the constraints of a full week. Relaxation, [&hellip;]<\/p>\n","protected":false},"author":2,"featured_media":0,"parent":0,"menu_order":0,"comment_status":"closed","ping_status":"closed","template":"","meta":{"_acf_changed":false,"_et_pb_use_builder":"on","_et_pb_old_content":"","_et_gb_content_width":"","inline_featured_image":false,"footnotes":""},"categories":[],"class_list":["post-14183","page","type-page","status-publish","hentry"],"acf":[],"yoast_head":"<!-- This site is optimized with the Yoast SEO plugin v27.3 - https:\/\/yoast.com\/product\/yoast-seo-wordpress\/ -->\n<title>Our Camping 2026 Special Offers - Camping du Goulet<\/title>\n<meta name=\"robots\" content=\"index, follow, max-snippet:-1, max-image-preview:large, max-video-preview:-1\" \/>\n<link rel=\"canonical\" href=\"https:\/\/www.campingdugoulet.fr\/en\/our-camping-2026-special-offers\/\" \/>\n<meta property=\"og:locale\" content=\"en_US\" \/>\n<meta property=\"og:type\" content=\"article\" \/>\n<meta property=\"og:title\" content=\"Our Camping 2026 Special Offers - Camping du Goulet\" \/>\n<meta property=\"og:description\" content=\"Short break offer - July 2026 From \u20ac345 Looking for a summer getaway in Finist\u00e8re?In July 2026, enjoy the freedom of a short stay from just 3 nights on most of our mobile homes. Treat yourself to a sunny break, a few days with family or friends, without the constraints of a full week. Relaxation, [&hellip;]\" \/>\n<meta property=\"og:url\" content=\"https:\/\/www.campingdugoulet.fr\/en\/our-camping-2026-special-offers\/\" \/>\n<meta property=\"og:site_name\" content=\"Camping du Goulet\" \/>\n<meta property=\"article:publisher\" content=\"https:\/\/fr-fr.facebook.com\/camping.bretagne.goulet\" \/>\n<meta property=\"article:modified_time\" content=\"2026-03-10T09:14:24+00:00\" \/>\n<meta property=\"og:image\" content=\"https:\/\/www.campingdugoulet.fr\/wp-content\/uploads\/camping-fleche.svg\" \/>\n<meta name=\"twitter:card\" content=\"summary_large_image\" \/>\n<meta name=\"twitter:label1\" content=\"Est. reading time\" \/>\n\t<meta name=\"twitter:data1\" content=\"8 minutes\" \/>\n<script type=\"application\/ld+json\" class=\"yoast-schema-graph\">{\"@context\":\"https:\\\/\\\/schema.org\",\"@graph\":[{\"@type\":\"WebPage\",\"@id\":\"https:\\\/\\\/www.campingdugoulet.fr\\\/en\\\/our-camping-2026-special-offers\\\/\",\"url\":\"https:\\\/\\\/www.campingdugoulet.fr\\\/en\\\/our-camping-2026-special-offers\\\/\",\"name\":\"Our Camping 2026 Special Offers - Camping du Goulet\",\"isPartOf\":{\"@id\":\"https:\\\/\\\/www.campingdugoulet.fr\\\/en\\\/#website\"},\"primaryImageOfPage\":{\"@id\":\"https:\\\/\\\/www.campingdugoulet.fr\\\/en\\\/our-camping-2026-special-offers\\\/#primaryimage\"},\"image\":{\"@id\":\"https:\\\/\\\/www.campingdugoulet.fr\\\/en\\\/our-camping-2026-special-offers\\\/#primaryimage\"},\"thumbnailUrl\":\"https:\\\/\\\/www.campingdugoulet.fr\\\/wp-content\\\/uploads\\\/camping-fleche.svg\",\"datePublished\":\"2026-03-04T12:39:34+00:00\",\"dateModified\":\"2026-03-10T09:14:24+00:00\",\"breadcrumb\":{\"@id\":\"https:\\\/\\\/www.campingdugoulet.fr\\\/en\\\/our-camping-2026-special-offers\\\/#breadcrumb\"},\"inLanguage\":\"en-US\",\"potentialAction\":[{\"@type\":\"ReadAction\",\"target\":[\"https:\\\/\\\/www.campingdugoulet.fr\\\/en\\\/our-camping-2026-special-offers\\\/\"]}]},{\"@type\":\"ImageObject\",\"inLanguage\":\"en-US\",\"@id\":\"https:\\\/\\\/www.campingdugoulet.fr\\\/en\\\/our-camping-2026-special-offers\\\/#primaryimage\",\"url\":\"https:\\\/\\\/www.campingdugoulet.fr\\\/wp-content\\\/uploads\\\/camping-fleche.svg\",\"contentUrl\":\"https:\\\/\\\/www.campingdugoulet.fr\\\/wp-content\\\/uploads\\\/camping-fleche.svg\"},{\"@type\":\"BreadcrumbList\",\"@id\":\"https:\\\/\\\/www.campingdugoulet.fr\\\/en\\\/our-camping-2026-special-offers\\\/#breadcrumb\",\"itemListElement\":[{\"@type\":\"ListItem\",\"position\":1,\"name\":\"Accueil\",\"item\":\"https:\\\/\\\/www.campingdugoulet.fr\\\/en\\\/home-new\\\/\"},{\"@type\":\"ListItem\",\"position\":2,\"name\":\"Our Camping 2026 Special Offers\"}]},{\"@type\":\"WebSite\",\"@id\":\"https:\\\/\\\/www.campingdugoulet.fr\\\/en\\\/#website\",\"url\":\"https:\\\/\\\/www.campingdugoulet.fr\\\/en\\\/\",\"name\":\"Camping du Goulet\",\"description\":\"Camping 4 \u00e9toiles \u00e0 Brest, \u00e0 la pointe du Finist\u00e8re\",\"publisher\":{\"@id\":\"https:\\\/\\\/www.campingdugoulet.fr\\\/en\\\/#organization\"},\"potentialAction\":[{\"@type\":\"SearchAction\",\"target\":{\"@type\":\"EntryPoint\",\"urlTemplate\":\"https:\\\/\\\/www.campingdugoulet.fr\\\/en\\\/?s={search_term_string}\"},\"query-input\":{\"@type\":\"PropertyValueSpecification\",\"valueRequired\":true,\"valueName\":\"search_term_string\"}}],\"inLanguage\":\"en-US\"},{\"@type\":\"Organization\",\"@id\":\"https:\\\/\\\/www.campingdugoulet.fr\\\/en\\\/#organization\",\"name\":\"Camping Du Goulet\",\"url\":\"https:\\\/\\\/www.campingdugoulet.fr\\\/en\\\/\",\"logo\":{\"@type\":\"ImageObject\",\"inLanguage\":\"en-US\",\"@id\":\"https:\\\/\\\/www.campingdugoulet.fr\\\/en\\\/#\\\/schema\\\/logo\\\/image\\\/\",\"url\":\"https:\\\/\\\/www.campingdugoulet.fr\\\/wp-content\\\/uploads\\\/camping-finistere.png\",\"contentUrl\":\"https:\\\/\\\/www.campingdugoulet.fr\\\/wp-content\\\/uploads\\\/camping-finistere.png\",\"width\":190,\"height\":100,\"caption\":\"Camping Du Goulet\"},\"image\":{\"@id\":\"https:\\\/\\\/www.campingdugoulet.fr\\\/en\\\/#\\\/schema\\\/logo\\\/image\\\/\"},\"sameAs\":[\"https:\\\/\\\/fr-fr.facebook.com\\\/camping.bretagne.goulet\",\"https:\\\/\\\/www.instagram.com\\\/campingdugoulet\\\/?hl=fr\"]}]}<\/script>\n<!-- \/ Yoast SEO plugin. -->","yoast_head_json":{"title":"Our Camping 2026 Special Offers - Camping du Goulet","robots":{"index":"index","follow":"follow","max-snippet":"max-snippet:-1","max-image-preview":"max-image-preview:large","max-video-preview":"max-video-preview:-1"},"canonical":"https:\/\/www.campingdugoulet.fr\/en\/our-camping-2026-special-offers\/","og_locale":"en_US","og_type":"article","og_title":"Our Camping 2026 Special Offers - Camping du Goulet","og_description":"Short break offer - July 2026 From \u20ac345 Looking for a summer getaway in Finist\u00e8re?In July 2026, enjoy the freedom of a short stay from just 3 nights on most of our mobile homes. Treat yourself to a sunny break, a few days with family or friends, without the constraints of a full week. Relaxation, [&hellip;]","og_url":"https:\/\/www.campingdugoulet.fr\/en\/our-camping-2026-special-offers\/","og_site_name":"Camping du Goulet","article_publisher":"https:\/\/fr-fr.facebook.com\/camping.bretagne.goulet","article_modified_time":"2026-03-10T09:14:24+00:00","og_image":[{"url":"https:\/\/www.campingdugoulet.fr\/wp-content\/uploads\/camping-fleche.svg","type":"","width":"","height":""}],"twitter_card":"summary_large_image","twitter_misc":{"Est. reading time":"8 minutes"},"schema":{"@context":"https:\/\/schema.org","@graph":[{"@type":"WebPage","@id":"https:\/\/www.campingdugoulet.fr\/en\/our-camping-2026-special-offers\/","url":"https:\/\/www.campingdugoulet.fr\/en\/our-camping-2026-special-offers\/","name":"Our Camping 2026 Special Offers - Camping du Goulet","isPartOf":{"@id":"https:\/\/www.campingdugoulet.fr\/en\/#website"},"primaryImageOfPage":{"@id":"https:\/\/www.campingdugoulet.fr\/en\/our-camping-2026-special-offers\/#primaryimage"},"image":{"@id":"https:\/\/www.campingdugoulet.fr\/en\/our-camping-2026-special-offers\/#primaryimage"},"thumbnailUrl":"https:\/\/www.campingdugoulet.fr\/wp-content\/uploads\/camping-fleche.svg","datePublished":"2026-03-04T12:39:34+00:00","dateModified":"2026-03-10T09:14:24+00:00","breadcrumb":{"@id":"https:\/\/www.campingdugoulet.fr\/en\/our-camping-2026-special-offers\/#breadcrumb"},"inLanguage":"en-US","potentialAction":[{"@type":"ReadAction","target":["https:\/\/www.campingdugoulet.fr\/en\/our-camping-2026-special-offers\/"]}]},{"@type":"ImageObject","inLanguage":"en-US","@id":"https:\/\/www.campingdugoulet.fr\/en\/our-camping-2026-special-offers\/#primaryimage","url":"https:\/\/www.campingdugoulet.fr\/wp-content\/uploads\/camping-fleche.svg","contentUrl":"https:\/\/www.campingdugoulet.fr\/wp-content\/uploads\/camping-fleche.svg"},{"@type":"BreadcrumbList","@id":"https:\/\/www.campingdugoulet.fr\/en\/our-camping-2026-special-offers\/#breadcrumb","itemListElement":[{"@type":"ListItem","position":1,"name":"Accueil","item":"https:\/\/www.campingdugoulet.fr\/en\/home-new\/"},{"@type":"ListItem","position":2,"name":"Our Camping 2026 Special Offers"}]},{"@type":"WebSite","@id":"https:\/\/www.campingdugoulet.fr\/en\/#website","url":"https:\/\/www.campingdugoulet.fr\/en\/","name":"Camping du Goulet","description":"Camping 4 \u00e9toiles \u00e0 Brest, \u00e0 la pointe du Finist\u00e8re","publisher":{"@id":"https:\/\/www.campingdugoulet.fr\/en\/#organization"},"potentialAction":[{"@type":"SearchAction","target":{"@type":"EntryPoint","urlTemplate":"https:\/\/www.campingdugoulet.fr\/en\/?s={search_term_string}"},"query-input":{"@type":"PropertyValueSpecification","valueRequired":true,"valueName":"search_term_string"}}],"inLanguage":"en-US"},{"@type":"Organization","@id":"https:\/\/www.campingdugoulet.fr\/en\/#organization","name":"Camping Du Goulet","url":"https:\/\/www.campingdugoulet.fr\/en\/","logo":{"@type":"ImageObject","inLanguage":"en-US","@id":"https:\/\/www.campingdugoulet.fr\/en\/#\/schema\/logo\/image\/","url":"https:\/\/www.campingdugoulet.fr\/wp-content\/uploads\/camping-finistere.png","contentUrl":"https:\/\/www.campingdugoulet.fr\/wp-content\/uploads\/camping-finistere.png","width":190,"height":100,"caption":"Camping Du Goulet"},"image":{"@id":"https:\/\/www.campingdugoulet.fr\/en\/#\/schema\/logo\/image\/"},"sameAs":["https:\/\/fr-fr.facebook.com\/camping.bretagne.goulet","https:\/\/www.instagram.com\/campingdugoulet\/?hl=fr"]}]}},"_links":{"self":[{"href":"https:\/\/www.campingdugoulet.fr\/en\/wp-json\/wp\/v2\/pages\/14183","targetHints":{"allow":["GET"]}}],"collection":[{"href":"https:\/\/www.campingdugoulet.fr\/en\/wp-json\/wp\/v2\/pages"}],"about":[{"href":"https:\/\/www.campingdugoulet.fr\/en\/wp-json\/wp\/v2\/types\/page"}],"author":[{"embeddable":true,"href":"https:\/\/www.campingdugoulet.fr\/en\/wp-json\/wp\/v2\/users\/2"}],"replies":[{"embeddable":true,"href":"https:\/\/www.campingdugoulet.fr\/en\/wp-json\/wp\/v2\/comments?post=14183"}],"version-history":[{"count":4,"href":"https:\/\/www.campingdugoulet.fr\/en\/wp-json\/wp\/v2\/pages\/14183\/revisions"}],"predecessor-version":[{"id":14191,"href":"https:\/\/www.campingdugoulet.fr\/en\/wp-json\/wp\/v2\/pages\/14183\/revisions\/14191"}],"wp:attachment":[{"href":"https:\/\/www.campingdugoulet.fr\/en\/wp-json\/wp\/v2\/media?parent=14183"}],"wp:term":[{"taxonomy":"category","embeddable":true,"href":"https:\/\/www.campingdugoulet.fr\/en\/wp-json\/wp\/v2\/categories?post=14183"}],"curies":[{"name":"wp","href":"https:\/\/api.w.org\/{rel}","templated":true}]}}