{"id":2310,"date":"2022-12-29T09:00:36","date_gmt":"2022-12-29T08:00:36","guid":{"rendered":"http:\/\/www.campingdugoulet.fr\/rechtliche-hinweise\/"},"modified":"2026-04-07T15:21:08","modified_gmt":"2026-04-07T13:21:08","slug":"rechtliche-hinweise","status":"publish","type":"page","link":"https:\/\/www.campingdugoulet.fr\/de\/rechtliche-hinweise\/","title":{"rendered":"Rechtliche Hinweise"},"content":{"rendered":"<p>[et_pb_section fb_built=&#8220;1&#8243; _builder_version=&#8220;4.17.4&#8243; custom_padding=&#8220;15%||||false|false&#8220; global_colors_info=&#8220;{}&#8220;][et_pb_row _builder_version=&#8220;4.16&#8243; background_size=&#8220;initial&#8220; background_position=&#8220;top_left&#8220; background_repeat=&#8220;repeat&#8220; global_colors_info=&#8220;{}&#8220;][et_pb_column type=&#8220;4_4&#8243; _builder_version=&#8220;4.16&#8243; custom_padding=&#8220;|||&#8220; global_colors_info=&#8220;{}&#8220; custom_padding__hover=&#8220;|||&#8220;][et_pb_text _builder_version=&#8220;4.27.6&#8243; background_size=&#8220;initial&#8220; background_position=&#8220;top_left&#8220; background_repeat=&#8220;repeat&#8220; hover_enabled=&#8220;0&#8243; global_colors_info=&#8220;{}&#8220; sticky_enabled=&#8220;0&#8243;]<\/p>\n<p><!-- divi:heading --><\/p>\n<h1>Rechtliche Hinweise<\/h1>\n<table border=\"0\" cellpadding=\"1\">\n<tbody>\n<tr>\n<td valign=\"top\" style=\"width: 354.134px;\">\n<p><strong>Herausgeber\/Ver\u00f6ffentlichung der Website:<\/strong><br \/>Camping Le Goulet<br \/>Chemin de Lanhouarnec<br \/>29200 Brest<br \/>E-Mail: info@campingdugoulet.fr<span id=\"cloakd356d85d5fb5175ce8bc561347694a12\"><a href=\"mailto:campingdugoulet@wanadoo.fr\"><\/a><\/span><\/p>\n<p>Name der Gesellschaft:<br \/>Siret-Nr.: 392 247 896 00013<\/p>\n<p>APE-Code 552C<\/p>\n<p>Intrakommunale Nummer: FR 34 392 247 896 <span>00013<\/span><\/p>\n<p><strong>Redaktionelle Verantwortung:<\/strong><br \/>Rouzic Laurence<\/p>\n<\/td>\n<td valign=\"top\" style=\"width: 367.295px;\">\n<p><strong>Plattform der Website:<\/strong><br \/>Erstellt mit dem CMS WordPress<br \/>Erstellt, geleitet und verwaltet von der Agentur<span> <\/span> LES<a href=\"http:\/\/www.air-media29.com\/\" target=\"_blank\" rel=\"noopener\">FLIBUSTIERS<\/a><\/p>\n<p><strong>Hosting der Website:<\/strong><br \/>WP SERVEUR<\/p>\n<p>Weitere Informationen \u00fcber die Unterkunft: <a href=\"http:\/\/www.wpserveur.net\">www.wpserveur.net<\/a><\/p>\n<\/td>\n<\/tr>\n<\/tbody>\n<\/table>\n<div class=\"cms_bloc_text cms_bloc\">\n<p>&nbsp;<\/p>\n<p><strong class=\"mise_en_avant_1\">Achtung der Privatsph\u00e4re und der pers\u00f6nlichen Daten :<\/strong><\/p>\n<p>Die Daten werden ausschlie\u00dflich zum Zweck des Aufbaus einer kommerziellen und professionellen Beziehung mit den Kunden gesammelt.<br \/>Die personenbezogenen Daten werden von CAMPING LE GOULET f\u00fcr einen angemessenen Zeitraum aufbewahrt.<br \/>Wenn eine Person nicht alle Informationen angibt, die in den Formularen der Website als Pflichtangaben verlangt werden (*Pflichtfelder), kann sie das Formular nicht validieren und somit nicht mit CAMPING LE GOULET in Kontakt treten.<\/p>\n<p>Das in Artikel 34 ff. des oben genannten Gesetzes vorgesehene Recht auf Zugang und Berichtigung kann per Brief an folgende Adresse ausge\u00fcbt werden:<br \/>CAMPING LE GOULET &#8211; Chemin de Lanhouarnec 29200 Brest<\/p>\n<p><strong><span class=\"mise_en_avant_1\">Urheberrechte :<\/span><\/strong><br \/>Die gesamte Website unterliegt der franz\u00f6sischen und internationalen Gesetzgebung \u00fcber das Urheberrecht und das geistige Eigentum. Alle Rechte vorbehalten, einschlie\u00dflich der ikonografischen und fotografischen Darstellungen. Die Vervielf\u00e4ltigung der gesamten oder eines Teils dieser Website auf einem wie auch immer gearteten Tr\u00e4ger ist ausdr\u00fccklich untersagt, es sei denn, der Herausgeber hat dies ausdr\u00fccklich genehmigt.<\/p>\n<p><strong><span class=\"mise_en_avant_1\">Fotografische Nachweise :<\/span><\/strong><br \/>Die auf dieser Website verwendeten Fotografien sind urheberrechtlich gesch\u00fctzt. Sie d\u00fcrfen ohne die schriftliche Genehmigung von CAMPING LE GOULET nicht verwendet oder vervielf\u00e4ltigt werden.<\/p>\n<p><strong class=\"mise_en_avant_1\">Sicherheitshinweis:<\/strong><br \/>Um ihre Sicherheit und den Zugang f\u00fcr alle zu gew\u00e4hrleisten, setzt diese Website Software ein, um den Datenfluss auf der Website zu kontrollieren, um nicht autorisierte Versuche, sich anzumelden oder Informationen zu \u00e4ndern, oder andere Initiativen, die weiteren Schaden anrichten k\u00f6nnten, zu identifizieren. Unerlaubte Versuche, Informationen zu laden, Informationen zu ver\u00e4ndern, um einen Schaden zu verursachen, und generell jede Beeintr\u00e4chtigung der Verf\u00fcgbarkeit und Integrit\u00e4t dieser Website sind strengstens verboten und werden nach dem Strafgesetzbuch geahndet. So sieht Artikel 323-1 des Strafgesetzbuchs vor, dass der betr\u00fcgerische Zugang zu einem automatisierten Datenverarbeitungssystem oder die betr\u00fcgerische Aufrechterhaltung eines Teils oder der Gesamtheit eines solchen Systems (dies ist der Fall bei einer Website) mit zwei Jahren Haft und 30.000 Euro Geldstrafe bestraft wird. Artikel 323-3 desselben Gesetzes sieht vor, dass die betr\u00fcgerische Eingabe von Daten in ein automatisiertes Verarbeitungssystem oder die betr\u00fcgerische L\u00f6schung oder \u00c4nderung der darin enthaltenen Daten mit f\u00fcnf Jahren Gef\u00e4ngnis und 75000 Euro Geldstrafe bestraft wird.<\/p>\n<\/div>\n<p>&nbsp;<\/p>\n<p><!-- \/divi:paragraph --><\/p>\n<p>[\/et_pb_text][\/et_pb_column][\/et_pb_row][\/et_pb_section]<\/p>\n","protected":false},"excerpt":{"rendered":"<p>Rechtliche Hinweise Herausgeber\/Ver\u00f6ffentlichung der Website:Camping Le GouletChemin de Lanhouarnec29200 BrestE-Mail: info@campingdugoulet.fr Name der Gesellschaft:Siret-Nr.: 392 247 896 00013 APE-Code 552C Intrakommunale Nummer: FR 34 392 247 896 00013 Redaktionelle Verantwortung:Rouzic Laurence Plattform der Website:Erstellt mit dem CMS WordpressErstellt, geleitet und verwaltet von der Agentur LESFLIBUSTIERS Hosting der Website:WP SERVEUR Weitere Informationen \u00fcber die Unterkunft: www.wpserveur.net [&hellip;]<\/p>\n","protected":false},"author":1,"featured_media":0,"parent":0,"menu_order":0,"comment_status":"closed","ping_status":"closed","template":"","meta":{"_acf_changed":false,"_et_pb_use_builder":"on","_et_pb_old_content":"","_et_gb_content_width":"","inline_featured_image":false,"footnotes":""},"categories":[],"class_list":["post-2310","page","type-page","status-publish","hentry"],"acf":[],"yoast_head":"<!-- This site is optimized with the Yoast SEO plugin v27.3 - https:\/\/yoast.com\/product\/yoast-seo-wordpress\/ -->\n<title>Rechtliche Hinweise - Camping du Goulet<\/title>\n<meta name=\"robots\" content=\"index, follow, max-snippet:-1, max-image-preview:large, max-video-preview:-1\" \/>\n<link rel=\"canonical\" href=\"https:\/\/www.campingdugoulet.fr\/de\/rechtliche-hinweise\/\" \/>\n<meta property=\"og:locale\" content=\"de_DE\" \/>\n<meta property=\"og:type\" content=\"article\" \/>\n<meta property=\"og:title\" content=\"Rechtliche Hinweise - Camping du Goulet\" \/>\n<meta property=\"og:description\" content=\"Rechtliche Hinweise Herausgeber\/Ver\u00f6ffentlichung der Website:Camping Le GouletChemin de Lanhouarnec29200 BrestE-Mail: info@campingdugoulet.fr Name der Gesellschaft:Siret-Nr.: 392 247 896 00013 APE-Code 552C Intrakommunale Nummer: FR 34 392 247 896 00013 Redaktionelle Verantwortung:Rouzic Laurence Plattform der Website:Erstellt mit dem CMS WordpressErstellt, geleitet und verwaltet von der Agentur LESFLIBUSTIERS Hosting der Website:WP SERVEUR Weitere Informationen \u00fcber die Unterkunft: www.wpserveur.net [&hellip;]\" \/>\n<meta property=\"og:url\" content=\"https:\/\/www.campingdugoulet.fr\/de\/rechtliche-hinweise\/\" \/>\n<meta property=\"og:site_name\" content=\"Camping du Goulet\" \/>\n<meta property=\"article:publisher\" content=\"https:\/\/fr-fr.facebook.com\/camping.bretagne.goulet\" \/>\n<meta property=\"article:modified_time\" content=\"2026-04-07T13:21:08+00:00\" \/>\n<meta property=\"og:image\" content=\"https:\/\/www.campingdugoulet.fr\/wp-content\/uploads\/camping-goulet-promo.jpg\" \/>\n\t<meta property=\"og:image:width\" content=\"800\" \/>\n\t<meta property=\"og:image:height\" content=\"533\" \/>\n\t<meta property=\"og:image:type\" content=\"image\/jpeg\" \/>\n<meta name=\"twitter:card\" content=\"summary_large_image\" \/>\n<meta name=\"twitter:label1\" content=\"Gesch\u00e4tzte Lesezeit\" \/>\n\t<meta name=\"twitter:data1\" content=\"3\u00a0Minuten\" \/>\n<script type=\"application\/ld+json\" class=\"yoast-schema-graph\">{\"@context\":\"https:\\\/\\\/schema.org\",\"@graph\":[{\"@type\":\"WebPage\",\"@id\":\"https:\\\/\\\/www.campingdugoulet.fr\\\/de\\\/rechtliche-hinweise\\\/\",\"url\":\"https:\\\/\\\/www.campingdugoulet.fr\\\/de\\\/rechtliche-hinweise\\\/\",\"name\":\"Rechtliche Hinweise - Camping du Goulet\",\"isPartOf\":{\"@id\":\"https:\\\/\\\/www.campingdugoulet.fr\\\/de\\\/#website\"},\"datePublished\":\"2022-12-29T08:00:36+00:00\",\"dateModified\":\"2026-04-07T13:21:08+00:00\",\"breadcrumb\":{\"@id\":\"https:\\\/\\\/www.campingdugoulet.fr\\\/de\\\/rechtliche-hinweise\\\/#breadcrumb\"},\"inLanguage\":\"de\",\"potentialAction\":[{\"@type\":\"ReadAction\",\"target\":[\"https:\\\/\\\/www.campingdugoulet.fr\\\/de\\\/rechtliche-hinweise\\\/\"]}]},{\"@type\":\"BreadcrumbList\",\"@id\":\"https:\\\/\\\/www.campingdugoulet.fr\\\/de\\\/rechtliche-hinweise\\\/#breadcrumb\",\"itemListElement\":[{\"@type\":\"ListItem\",\"position\":1,\"name\":\"Accueil\",\"item\":\"https:\\\/\\\/www.campingdugoulet.fr\\\/de\\\/startseite-new\\\/\"},{\"@type\":\"ListItem\",\"position\":2,\"name\":\"Rechtliche Hinweise\"}]},{\"@type\":\"WebSite\",\"@id\":\"https:\\\/\\\/www.campingdugoulet.fr\\\/de\\\/#website\",\"url\":\"https:\\\/\\\/www.campingdugoulet.fr\\\/de\\\/\",\"name\":\"Camping du Goulet\",\"description\":\"Camping 4 \u00e9toiles \u00e0 Brest, \u00e0 la pointe du Finist\u00e8re\",\"publisher\":{\"@id\":\"https:\\\/\\\/www.campingdugoulet.fr\\\/de\\\/#organization\"},\"potentialAction\":[{\"@type\":\"SearchAction\",\"target\":{\"@type\":\"EntryPoint\",\"urlTemplate\":\"https:\\\/\\\/www.campingdugoulet.fr\\\/de\\\/?s={search_term_string}\"},\"query-input\":{\"@type\":\"PropertyValueSpecification\",\"valueRequired\":true,\"valueName\":\"search_term_string\"}}],\"inLanguage\":\"de\"},{\"@type\":\"Organization\",\"@id\":\"https:\\\/\\\/www.campingdugoulet.fr\\\/de\\\/#organization\",\"name\":\"Camping Du Goulet\",\"url\":\"https:\\\/\\\/www.campingdugoulet.fr\\\/de\\\/\",\"logo\":{\"@type\":\"ImageObject\",\"inLanguage\":\"de\",\"@id\":\"https:\\\/\\\/www.campingdugoulet.fr\\\/de\\\/#\\\/schema\\\/logo\\\/image\\\/\",\"url\":\"https:\\\/\\\/www.campingdugoulet.fr\\\/wp-content\\\/uploads\\\/camping-finistere.png\",\"contentUrl\":\"https:\\\/\\\/www.campingdugoulet.fr\\\/wp-content\\\/uploads\\\/camping-finistere.png\",\"width\":190,\"height\":100,\"caption\":\"Camping Du Goulet\"},\"image\":{\"@id\":\"https:\\\/\\\/www.campingdugoulet.fr\\\/de\\\/#\\\/schema\\\/logo\\\/image\\\/\"},\"sameAs\":[\"https:\\\/\\\/fr-fr.facebook.com\\\/camping.bretagne.goulet\",\"https:\\\/\\\/www.instagram.com\\\/campingdugoulet\\\/?hl=fr\"]}]}<\/script>\n<!-- \/ Yoast SEO plugin. -->","yoast_head_json":{"title":"Rechtliche Hinweise - Camping du Goulet","robots":{"index":"index","follow":"follow","max-snippet":"max-snippet:-1","max-image-preview":"max-image-preview:large","max-video-preview":"max-video-preview:-1"},"canonical":"https:\/\/www.campingdugoulet.fr\/de\/rechtliche-hinweise\/","og_locale":"de_DE","og_type":"article","og_title":"Rechtliche Hinweise - Camping du Goulet","og_description":"Rechtliche Hinweise Herausgeber\/Ver\u00f6ffentlichung der Website:Camping Le GouletChemin de Lanhouarnec29200 BrestE-Mail: info@campingdugoulet.fr Name der Gesellschaft:Siret-Nr.: 392 247 896 00013 APE-Code 552C Intrakommunale Nummer: FR 34 392 247 896 00013 Redaktionelle Verantwortung:Rouzic Laurence Plattform der Website:Erstellt mit dem CMS WordpressErstellt, geleitet und verwaltet von der Agentur LESFLIBUSTIERS Hosting der Website:WP SERVEUR Weitere Informationen \u00fcber die Unterkunft: www.wpserveur.net [&hellip;]","og_url":"https:\/\/www.campingdugoulet.fr\/de\/rechtliche-hinweise\/","og_site_name":"Camping du Goulet","article_publisher":"https:\/\/fr-fr.facebook.com\/camping.bretagne.goulet","article_modified_time":"2026-04-07T13:21:08+00:00","og_image":[{"width":800,"height":533,"url":"https:\/\/www.campingdugoulet.fr\/wp-content\/uploads\/camping-goulet-promo.jpg","type":"image\/jpeg"}],"twitter_card":"summary_large_image","twitter_misc":{"Gesch\u00e4tzte Lesezeit":"3\u00a0Minuten"},"schema":{"@context":"https:\/\/schema.org","@graph":[{"@type":"WebPage","@id":"https:\/\/www.campingdugoulet.fr\/de\/rechtliche-hinweise\/","url":"https:\/\/www.campingdugoulet.fr\/de\/rechtliche-hinweise\/","name":"Rechtliche Hinweise - Camping du Goulet","isPartOf":{"@id":"https:\/\/www.campingdugoulet.fr\/de\/#website"},"datePublished":"2022-12-29T08:00:36+00:00","dateModified":"2026-04-07T13:21:08+00:00","breadcrumb":{"@id":"https:\/\/www.campingdugoulet.fr\/de\/rechtliche-hinweise\/#breadcrumb"},"inLanguage":"de","potentialAction":[{"@type":"ReadAction","target":["https:\/\/www.campingdugoulet.fr\/de\/rechtliche-hinweise\/"]}]},{"@type":"BreadcrumbList","@id":"https:\/\/www.campingdugoulet.fr\/de\/rechtliche-hinweise\/#breadcrumb","itemListElement":[{"@type":"ListItem","position":1,"name":"Accueil","item":"https:\/\/www.campingdugoulet.fr\/de\/startseite-new\/"},{"@type":"ListItem","position":2,"name":"Rechtliche Hinweise"}]},{"@type":"WebSite","@id":"https:\/\/www.campingdugoulet.fr\/de\/#website","url":"https:\/\/www.campingdugoulet.fr\/de\/","name":"Camping du Goulet","description":"Camping 4 \u00e9toiles \u00e0 Brest, \u00e0 la pointe du Finist\u00e8re","publisher":{"@id":"https:\/\/www.campingdugoulet.fr\/de\/#organization"},"potentialAction":[{"@type":"SearchAction","target":{"@type":"EntryPoint","urlTemplate":"https:\/\/www.campingdugoulet.fr\/de\/?s={search_term_string}"},"query-input":{"@type":"PropertyValueSpecification","valueRequired":true,"valueName":"search_term_string"}}],"inLanguage":"de"},{"@type":"Organization","@id":"https:\/\/www.campingdugoulet.fr\/de\/#organization","name":"Camping Du Goulet","url":"https:\/\/www.campingdugoulet.fr\/de\/","logo":{"@type":"ImageObject","inLanguage":"de","@id":"https:\/\/www.campingdugoulet.fr\/de\/#\/schema\/logo\/image\/","url":"https:\/\/www.campingdugoulet.fr\/wp-content\/uploads\/camping-finistere.png","contentUrl":"https:\/\/www.campingdugoulet.fr\/wp-content\/uploads\/camping-finistere.png","width":190,"height":100,"caption":"Camping Du Goulet"},"image":{"@id":"https:\/\/www.campingdugoulet.fr\/de\/#\/schema\/logo\/image\/"},"sameAs":["https:\/\/fr-fr.facebook.com\/camping.bretagne.goulet","https:\/\/www.instagram.com\/campingdugoulet\/?hl=fr"]}]}},"_links":{"self":[{"href":"https:\/\/www.campingdugoulet.fr\/de\/wp-json\/wp\/v2\/pages\/2310","targetHints":{"allow":["GET"]}}],"collection":[{"href":"https:\/\/www.campingdugoulet.fr\/de\/wp-json\/wp\/v2\/pages"}],"about":[{"href":"https:\/\/www.campingdugoulet.fr\/de\/wp-json\/wp\/v2\/types\/page"}],"author":[{"embeddable":true,"href":"https:\/\/www.campingdugoulet.fr\/de\/wp-json\/wp\/v2\/users\/1"}],"replies":[{"embeddable":true,"href":"https:\/\/www.campingdugoulet.fr\/de\/wp-json\/wp\/v2\/comments?post=2310"}],"version-history":[{"count":5,"href":"https:\/\/www.campingdugoulet.fr\/de\/wp-json\/wp\/v2\/pages\/2310\/revisions"}],"predecessor-version":[{"id":14800,"href":"https:\/\/www.campingdugoulet.fr\/de\/wp-json\/wp\/v2\/pages\/2310\/revisions\/14800"}],"wp:attachment":[{"href":"https:\/\/www.campingdugoulet.fr\/de\/wp-json\/wp\/v2\/media?parent=2310"}],"wp:term":[{"taxonomy":"category","embeddable":true,"href":"https:\/\/www.campingdugoulet.fr\/de\/wp-json\/wp\/v2\/categories?post=2310"}],"curies":[{"name":"wp","href":"https:\/\/api.w.org\/{rel}","templated":true}]}}